{"id":2,"date":"2017-05-10T13:04:21","date_gmt":"2017-05-10T13:04:21","guid":{"rendered":"http:\/\/kastrati-galabau.de\/?page_id=2"},"modified":"2017-07-03T09:54:13","modified_gmt":"2017-07-03T09:54:13","slug":"sample-page","status":"publish","type":"page","link":"https:\/\/kastrati-galabau.de\/","title":{"rendered":"Home"},"content":{"rendered":"<p>Ihr zuverl\u00e4ssiger Partner f\u00fcr Garten- und Landschaftsbau<\/p>\n<p>Herzlich Willkommen auf unsere Internetseite.<\/p>\n<p>Als kompetenter Partner f\u00fcr Privat- und Gewerbekunden ist uns eine qualitativ und schnelle Umsetzung ihrer W\u00fcnsche wichtig, damit sie ihre Au\u00dfenanlagen lange und zufrieden genie\u00dfen k\u00f6nnen.<\/p>\n<p>Wir freuen uns auf sie als Kunden!<\/p>\n","protected":false},"excerpt":{"rendered":"<p>Ihr zuverl\u00e4ssiger Partner f\u00fcr Garten- und Landschaftsbau Herzlich Willkommen auf unsere Internetseite. Als kompetenter Partner f\u00fcr Privat- und Gewerbekunden ist uns eine qualitativ und schnelle Umsetzung ihrer W\u00fcnsche wichtig, damit sie ihre Au\u00dfenanlagen lange und zufrieden genie\u00dfen k\u00f6nnen. Wir freuen uns auf sie als Kunden!<\/p>\n","protected":false},"author":1,"featured_media":0,"parent":0,"menu_order":0,"comment_status":"closed","ping_status":"open","template":"","meta":[],"aioseo_notices":[],"_links":{"self":[{"href":"https:\/\/kastrati-galabau.de\/index.php?rest_route=\/wp\/v2\/pages\/2"}],"collection":[{"href":"https:\/\/kastrati-galabau.de\/index.php?rest_route=\/wp\/v2\/pages"}],"about":[{"href":"https:\/\/kastrati-galabau.de\/index.php?rest_route=\/wp\/v2\/types\/page"}],"author":[{"embeddable":true,"href":"https:\/\/kastrati-galabau.de\/index.php?rest_route=\/wp\/v2\/users\/1"}],"replies":[{"embeddable":true,"href":"https:\/\/kastrati-galabau.de\/index.php?rest_route=%2Fwp%2Fv2%2Fcomments&post=2"}],"version-history":[{"count":10,"href":"https:\/\/kastrati-galabau.de\/index.php?rest_route=\/wp\/v2\/pages\/2\/revisions"}],"predecessor-version":[{"id":129,"href":"https:\/\/kastrati-galabau.de\/index.php?rest_route=\/wp\/v2\/pages\/2\/revisions\/129"}],"wp:attachment":[{"href":"https:\/\/kastrati-galabau.de\/index.php?rest_route=%2Fwp%2Fv2%2Fmedia&parent=2"}],"curies":[{"name":"wp","href":"https:\/\/api.w.org\/{rel}","templated":true}]}}