{"id":28,"date":"2017-06-07T11:42:01","date_gmt":"2017-06-07T11:42:01","guid":{"rendered":"http:\/\/kastrati-galabau.de\/?page_id=28"},"modified":"2017-07-03T09:51:43","modified_gmt":"2017-07-03T09:51:43","slug":"kontakt","status":"publish","type":"page","link":"https:\/\/kastrati-galabau.de\/?page_id=28","title":{"rendered":"Kontakt"},"content":{"rendered":"<div role=\"form\" class=\"wpcf7\" id=\"wpcf7-f62-o1\" lang=\"de-DE\" dir=\"ltr\">\n<div class=\"screen-reader-response\"><p role=\"status\" aria-live=\"polite\" aria-atomic=\"true\"><\/p> <ul><\/ul><\/div>\n<form action=\"\/index.php?rest_route=%2Fwp%2Fv2%2Fpages%2F28#wpcf7-f62-o1\" method=\"post\" class=\"wpcf7-form init\" novalidate=\"novalidate\" data-status=\"init\">\n<div style=\"display: none;\">\n<input type=\"hidden\" name=\"_wpcf7\" value=\"62\" \/>\n<input type=\"hidden\" name=\"_wpcf7_version\" value=\"5.6.4\" \/>\n<input type=\"hidden\" name=\"_wpcf7_locale\" value=\"de_DE\" \/>\n<input type=\"hidden\" name=\"_wpcf7_unit_tag\" value=\"wpcf7-f62-o1\" \/>\n<input type=\"hidden\" name=\"_wpcf7_container_post\" value=\"0\" \/>\n<input type=\"hidden\" name=\"_wpcf7_posted_data_hash\" value=\"\" \/>\n<\/div>\n<p><label> Ihr Name (Pflichtfeld)<br \/>\n    <span class=\"wpcf7-form-control-wrap\" data-name=\"your-name\"><input type=\"text\" name=\"your-name\" value=\"\" size=\"40\" class=\"wpcf7-form-control wpcf7-text wpcf7-validates-as-required\" aria-required=\"true\" aria-invalid=\"false\" \/><\/span> <\/label><\/p>\n<p><label> Ihre E-Mail-Adresse (Pflichtfeld)<br \/>\n    <span class=\"wpcf7-form-control-wrap\" data-name=\"your-email\"><input type=\"email\" name=\"your-email\" value=\"\" size=\"40\" class=\"wpcf7-form-control wpcf7-text wpcf7-email wpcf7-validates-as-required wpcf7-validates-as-email\" aria-required=\"true\" aria-invalid=\"false\" \/><\/span> <\/label><\/p>\n<p><label> Ihre Telefonnummer (Pflichtfeld)<br \/>\n    <span class=\"wpcf7-form-control-wrap\" data-name=\"your-tel\"><input type=\"tel\" name=\"your-tel\" value=\"\" size=\"40\" class=\"wpcf7-form-control wpcf7-text wpcf7-tel wpcf7-validates-as-required wpcf7-validates-as-tel\" aria-required=\"true\" aria-invalid=\"false\" \/><\/span> <\/label><\/p>\n<p><label> Betreff<br \/>\n    <span class=\"wpcf7-form-control-wrap\" data-name=\"your-subject\"><input type=\"text\" name=\"your-subject\" value=\"\" size=\"40\" class=\"wpcf7-form-control wpcf7-text\" aria-invalid=\"false\" \/><\/span> <\/label><\/p>\n<p><label> Ihre Nachricht<br \/>\n    <span class=\"wpcf7-form-control-wrap\" data-name=\"your-message\"><textarea name=\"your-message\" cols=\"40\" rows=\"10\" class=\"wpcf7-form-control wpcf7-textarea\" aria-invalid=\"false\"><\/textarea><\/span> <\/label><\/p>\n<p>Datenschutz: Ich stimme zu, dass meine Angaben aus dem Kontaktformular zur Anmeldung meiner Anfrage erhoben und verarbeitet werden. Die Daten werden f\u00fcr 1 Jahre oder auf Wunsch gel\u00f6scht. HINWEIS: Sie k\u00f6nnen Ihre Einwilligung jederzeit f\u00fcr die Zukunft per Email an kontakt@kastrati-galabau.de Wiederrufen. Informationen zum Umgang mit Nutzerdaten finden Sie in meiner Datenschutzerkl\u00e4rung.<br \/>\n<span class=\"wpcf7-form-control-wrap\" data-name=\"DSGVO\"><span class=\"wpcf7-form-control wpcf7-acceptance\"><span class=\"wpcf7-list-item\"><input type=\"checkbox\" name=\"DSGVO\" value=\"1\" aria-invalid=\"false\" \/><\/span><\/span><\/span>Datenschutzzustimmung<\/p>\n<p><input type=\"submit\" value=\"Senden\" class=\"wpcf7-form-control has-spinner wpcf7-submit\" \/><\/p>\n<div class=\"wpcf7-response-output\" aria-hidden=\"true\"><\/div><\/form><\/div>\n<p>Firma Kastrati Garten- und Landschaftsbau<br \/>\nInhaber: Arsim Kastrati<\/p>\n<p>Schallershoferstr. 114<br \/>\n91056 Erlangen<\/p>\n<p>Telefon: 017696455905<br \/>\nE-Mail: kontakt@kastrati-galabau.de<br \/>\nInternetadresse: www.kastrati-galabau.de<\/p>\n","protected":false},"excerpt":{"rendered":"<p>Firma Kastrati Garten- und Landschaftsbau Inhaber: Arsim Kastrati Schallershoferstr. 114 91056 Erlangen Telefon: 017696455905 E-Mail: kontakt@kastrati-galabau.de Internetadresse: www.kastrati-galabau.de<\/p>\n","protected":false},"author":1,"featured_media":0,"parent":0,"menu_order":0,"comment_status":"closed","ping_status":"closed","template":"","meta":[],"aioseo_notices":[],"_links":{"self":[{"href":"https:\/\/kastrati-galabau.de\/index.php?rest_route=\/wp\/v2\/pages\/28"}],"collection":[{"href":"https:\/\/kastrati-galabau.de\/index.php?rest_route=\/wp\/v2\/pages"}],"about":[{"href":"https:\/\/kastrati-galabau.de\/index.php?rest_route=\/wp\/v2\/types\/page"}],"author":[{"embeddable":true,"href":"https:\/\/kastrati-galabau.de\/index.php?rest_route=\/wp\/v2\/users\/1"}],"replies":[{"embeddable":true,"href":"https:\/\/kastrati-galabau.de\/index.php?rest_route=%2Fwp%2Fv2%2Fcomments&post=28"}],"version-history":[{"count":3,"href":"https:\/\/kastrati-galabau.de\/index.php?rest_route=\/wp\/v2\/pages\/28\/revisions"}],"predecessor-version":[{"id":64,"href":"https:\/\/kastrati-galabau.de\/index.php?rest_route=\/wp\/v2\/pages\/28\/revisions\/64"}],"wp:attachment":[{"href":"https:\/\/kastrati-galabau.de\/index.php?rest_route=%2Fwp%2Fv2%2Fmedia&parent=28"}],"curies":[{"name":"wp","href":"https:\/\/api.w.org\/{rel}","templated":true}]}}