{"id":37,"date":"2017-06-07T11:41:34","date_gmt":"2017-06-07T11:41:34","guid":{"rendered":"http:\/\/kastrati-galabau.de\/?page_id=37"},"modified":"2017-06-07T11:41:34","modified_gmt":"2017-06-07T11:41:34","slug":"datenschutz","status":"publish","type":"page","link":"https:\/\/kastrati-galabau.de\/?page_id=37","title":{"rendered":"Datenschutz"},"content":{"rendered":"<p>Datenschutzerkl\u00e4rung<\/p>\n<p>Allgemeines<br \/>\nIhre personenbezogenen Daten (z.B. Anrede, Name, Anschrift, E-Mail-Adresse, Telefonnummer, Bankverbindung, Kreditkartennummer) werden von uns nur gem\u00e4\u00df den Bestimmungen des deutschen Datenschutzrechts verarbeitet. Die nachfolgenden Vorschriften informieren Sie \u00fcber Art, Umfang und Zweck der Erhebung, Verarbeitung und Nutzung personenbezogener Daten. Diese Datenschutzerkl\u00e4rung bezieht sich nur auf unsere Webseiten. Falls Sie \u00fcber Links auf unseren Seiten auf andere Seiten weitergeleitet werden, informieren Sie sich bitte dort \u00fcber den jeweiligen Umgang mit Ihren Daten.<\/p>\n<p>Bestandsdaten<br \/>\n(1) Ihre personenbezogenen Daten, soweit diese f\u00fcr die Begr\u00fcndung, inhaltliche Ausgestaltung oder \u00c4nderung des Vertragsverh\u00e4ltnisses erforderlich sind (Bestandsdaten), werden ausschlie\u00dflich zur Vertragsabwicklung verwendet. So muss z.B. zur Zustellung der Waren Ihr Name und Ihre Anschrift an den Warenlieferanten weitergegeben werden.<br \/>\n(2) Ohne Ihre ausdr\u00fcckliche Einwilligung oder ohne gesetzliche Grundlage werden Ihre personenbezogenen Daten nicht an au\u00dferhalb der Vertragsabwicklung stehende Dritte weitergegeben. Nach vollst\u00e4ndiger Vertragsabwicklung werden Ihre Daten f\u00fcr die weitere Verwendung gesperrt. Nach Ablauf der steuer- und handelsrechtlichen Vorschriften werden diese Daten gel\u00f6scht, sofern Sie nicht ausdr\u00fccklich in die weitere Nutzung eingewilligt haben.<\/p>\n<p>Webanalyse mit Google Analytics<br \/>\nDiese Website benutzt Google Analytics, einen Webanalysedienst der Google Inc. (Google). Google Analytics verwendet sog.Cookies, Textdateien, die auf Ihrem Computer gespeichert werden und die eine Analyse der Benutzung der Website durch Sie erm\u00f6glichen. Die durch den Cookie erzeugten Informationen \u00fcber Ihre Benutzung dieser Website werden in der Regel an einen Server von Google in den USA \u00fcbertragen und dort gespeichert. Im Falle der Aktivierung der IP-Anonymisierung auf dieser Webseite, wird Ihre IP-Adresse von Google jedoch innerhalb von Mitgliedstaaten der Europ\u00e4ischen Union oder in anderen Vertragsstaaten des Abkommens \u00fcber den Europ\u00e4ischen Wirtschaftsraum zuvor gek\u00fcrzt. Nur in Ausnahmef\u00e4llen wird die volle IP-Adresse an einen Server von Google in den USA \u00fcbertragen und dort gek\u00fcrzt. Im Auftrag des Betreibers dieser Website wird Google diese Informationen benutzen, um Ihre Nutzung der Website auszuwerten, um Reports \u00fcber die Websiteaktivit\u00e4ten zusammenzustellen und um weitere mit der Websitenutzung und der Internetnutzung verbundene Dienstleistungen gegen\u00fcber dem Websitebetreiber zu erbringen. Die im Rahmen von Google Analytics von Ihrem Browser \u00fcbermittelte IP-Adresse wird nicht mit anderen Daten von Google zusammengef\u00fchrt. Sie k\u00f6nnen die Speicherung der Cookies durch eine entsprechende Einstellung Ihrer Browser-Software verhindern; wir weisen Sie jedoch darauf hin, dass Sie in diesem Fall gegebenenfalls nicht s\u00e4mtliche Funktionen dieser Website vollumf\u00e4nglich werden nutzen k\u00f6nnen. Sie k\u00f6nnen dar\u00fcber hinaus die Erfassung der durch das Cookie erzeugten und auf Ihre Nutzung der Website bezogenen Daten (inkl. Ihrer IP-Adresse) an Google sowie die Verarbeitung dieser Daten durch Google verhindern, indem Sie das unter dem folgenden Link verf\u00fcgbare Browser-Plugin herunterladen und installieren: http:\/\/tools.google.com\/dlpage\/gaoptout?hl=de<\/p>\n<p>Diese Webseite benutzt Google Analytics mit der Erweiterung &#8222;anonymizeIP()&#8220;, damit die IP-Adressen nur gek\u00fcrzt weiterverarbeitet werden, um eine direkte Personenbeziehbarkeit auszuschlie\u00dfen.<\/p>\n<p>Social Plugins von Facebook<br \/>\nWir verwenden Social Plugins von facebook.com, betrieben durch Facebook Inc., 1601 S. California Ave, Palo Alto, CA 94304, USA. Die Plugins sind an dem Facebook Logo oder dem Zusatz &#8222;Facebook Social Plugin&#8220; zu erkennen. Wenn Sie z.B. den &#8222;Gef\u00e4llt mir&#8220; Button anklicken oder einen Kommentar abgeben, wird die entsprechende Information von Ihrem Browser direkt an Facebook \u00fcbermittelt und dort gespeichert. Weiterhin macht Facebook Ihre Vorlieben f\u00fcr Ihre Facebook-Freunde \u00f6ffentlich. Sind Sie bei Facebook eingeloggt, kann Facebook den Aufruf unserer Seite Ihrem Facebook-Konto direkt zuordnen. Auch wenn Sie nicht eingeloggt sind oder gar kein Facebook-Konto besitzen, \u00fcbermittelt Ihr Browser Informationen (z.B. welchen Webseite Sie aufgerufen haben, Ihre IP-Adresse), die von Facebook gespeichert werden. Details zum Umgang mit Ihren pers\u00f6nlichen Daten durch Facebook sowie Ihren diesbez\u00fcglichen Rechten entnehmen Sie bitte den Datenschutzhinweisen von Facebook: http:\/\/www.facebook.com\/policy.php. Wenn Sie nicht m\u00f6chten, dass Facebook die \u00fcber unsere Webseiten \u00fcber Sie gesammelten Daten Ihrem Facebook-Konto zuordnet, m\u00fcssen Sie sich vor Ihrem Besuch unserer Webseiten bei Facebook ausloggen.<\/p>\n<p>Auskunft<br \/>\nNach dem Bundesdatenschutzgesetz haben Sie ein Recht auf unentgeltliche Auskunft \u00fcber Ihre gespeicherten Daten sowie ggf. ein Recht auf Berichtigung, Sperrung oder L\u00f6schung dieser Daten. Fragen k\u00f6nnen Sie z.B. \u00fcber die folgende E-Mail-Adresse stellen: ( kontakt@kastrati-galabau.de )<\/p>\n<p>Quelle: http:\/\/www.muster-vorlagen.net<\/p>\n","protected":false},"excerpt":{"rendered":"<p>Datenschutzerkl\u00e4rung Allgemeines Ihre personenbezogenen Daten (z.B. Anrede, Name, Anschrift, E-Mail-Adresse, Telefonnummer, Bankverbindung, Kreditkartennummer) werden von uns nur gem\u00e4\u00df den Bestimmungen des deutschen Datenschutzrechts verarbeitet. Die nachfolgenden Vorschriften informieren Sie \u00fcber Art, Umfang und Zweck der Erhebung, Verarbeitung und Nutzung personenbezogener Daten. Diese Datenschutzerkl\u00e4rung bezieht sich nur auf unsere Webseiten. Falls Sie \u00fcber Links auf unseren &hellip; <\/p>\n<p class=\"link-more\"><a href=\"https:\/\/kastrati-galabau.de\/?page_id=37\" class=\"more-link\"><span class=\"screen-reader-text\">\u201eDatenschutz\u201c<\/span> weiterlesen<\/a><\/p>\n","protected":false},"author":1,"featured_media":0,"parent":0,"menu_order":0,"comment_status":"closed","ping_status":"closed","template":"","meta":[],"aioseo_notices":[],"_links":{"self":[{"href":"https:\/\/kastrati-galabau.de\/index.php?rest_route=\/wp\/v2\/pages\/37"}],"collection":[{"href":"https:\/\/kastrati-galabau.de\/index.php?rest_route=\/wp\/v2\/pages"}],"about":[{"href":"https:\/\/kastrati-galabau.de\/index.php?rest_route=\/wp\/v2\/types\/page"}],"author":[{"embeddable":true,"href":"https:\/\/kastrati-galabau.de\/index.php?rest_route=\/wp\/v2\/users\/1"}],"replies":[{"embeddable":true,"href":"https:\/\/kastrati-galabau.de\/index.php?rest_route=%2Fwp%2Fv2%2Fcomments&post=37"}],"version-history":[{"count":1,"href":"https:\/\/kastrati-galabau.de\/index.php?rest_route=\/wp\/v2\/pages\/37\/revisions"}],"predecessor-version":[{"id":38,"href":"https:\/\/kastrati-galabau.de\/index.php?rest_route=\/wp\/v2\/pages\/37\/revisions\/38"}],"wp:attachment":[{"href":"https:\/\/kastrati-galabau.de\/index.php?rest_route=%2Fwp%2Fv2%2Fmedia&parent=37"}],"curies":[{"name":"wp","href":"https:\/\/api.w.org\/{rel}","templated":true}]}}